{"id":6810,"date":"2024-04-05T07:35:30","date_gmt":"2024-04-05T07:35:30","guid":{"rendered":"https:\/\/akdelta.hr\/medjimurskirally\/?page_id=6810"},"modified":"2024-05-06T08:44:58","modified_gmt":"2024-05-06T08:44:58","slug":"rezultati","status":"publish","type":"page","link":"https:\/\/akdelta.hr\/medjimurskirally\/rezultati\/","title":{"rendered":"Rezultati"},"content":{"rendered":"\t\t<div data-elementor-type=\"wp-page\" data-elementor-id=\"6810\" class=\"elementor elementor-6810\">\n\t\t\t\t\t\t<section class=\"elementor-section elementor-top-section elementor-element elementor-element-409c306 elementor-section-height-min-height elementor-section-boxed elementor-section-height-default elementor-section-items-middle\" data-id=\"409c306\" data-element_type=\"section\" data-settings=\"{&quot;background_background&quot;:&quot;classic&quot;,&quot;shape_divider_bottom&quot;:&quot;lqd-custom-shape-12&quot;}\">\n\t\t\t\t\t\t\t<div class=\"elementor-background-overlay\"><\/div>\n\t\t\t\t\t\t<div class=\"elementor-shape elementor-shape-bottom\" data-negative=\"false\">\n\t\t\t<svg class=\"lqd-custom-shape\" xmlns=\"http:\/\/www.w3.org\/2000\/svg\" preserveAspectRatio=\"none\"  viewBox=\"0 0 1440 150\">\n    <path class=\"elementor-shape-fill\" d=\"M 0 26.1978 C 275.76 83.8152 430.707 65.0509 716.279 25.6386 C 930.422 -3.86123 1210.32 -3.98357 1439 9.18045 C 2072.34 45.9691 2201.93 62.4429 2560 26.198 V 172.199 L 0 172.199 V 26.1978 Z\">\n        <animate repeatCount=\"indefinite\" fill=\"freeze\" attributeName=\"d\" dur=\"10s\" values=\"M0 25.9086C277 84.5821 433 65.736 720 25.9086C934.818 -3.9019 1214.06 -5.23669 1442 8.06597C2079 45.2421 2208 63.5007 2560 25.9088V171.91L0 171.91V25.9086Z; M0 86.3149C316 86.315 444 159.155 884 51.1554C1324 -56.8446 1320.29 34.1214 1538 70.4063C1814 116.407 2156 188.408 2560 86.315V232.317L0 232.316V86.3149Z; M0 53.6584C158 11.0001 213 0 363 0C513 0 855.555 115.001 1154 115.001C1440 115.001 1626 -38.0004 2560 53.6585V199.66L0 199.66V53.6584Z; M0 25.9086C277 84.5821 433 65.736 720 25.9086C934.818 -3.9019 1214.06 -5.23669 1442 8.06597C2079 45.2421 2208 63.5007 2560 25.9088V171.91L0 171.91V25.9086Z\">\n        <\/animate>\n    <\/path>\n<\/svg>\t\t<\/div>\n\t\t\t\t\t<div class=\"elementor-container elementor-column-gap-default\">\n\t\t\t\t\t<div class=\"elementor-column elementor-col-100 elementor-top-column elementor-element elementor-element-ad068a1\" data-id=\"ad068a1\" data-element_type=\"column\">\n\t\t\t<div class=\"elementor-widget-wrap elementor-element-populated\">\n\t\t\t\t\t\t<div class=\"elementor-element elementor-element-d019906 elementor-widget elementor-widget-hub_fancy_heading\" data-id=\"d019906\" data-element_type=\"widget\" data-widget_type=\"hub_fancy_heading.default\">\n\t\t\t\t<div class=\"elementor-widget-container\">\n\t\t\t\n\t\t<div id=\"ld-fancy-heading-69e601ce59fdb\" class=\"ld-fancy-heading pos-rel\">\n\t\t\t<h1 class=\"ld-fh-element d-inline-block pos-rel  elementor-heading-title lqd-highlight-classic lqd-highlight-grow-left h1\"  > REZULTATI<\/h1>\t\t<\/div>\n\n\t\t\t\t<\/div>\n\t\t\t\t<\/div>\n\t\t\t\t\t<\/div>\n\t\t<\/div>\n\t\t\t\t\t<\/div>\n\t\t<\/section>\n\t\t\t\t<section class=\"elementor-section elementor-top-section elementor-element elementor-element-6554278 elementor-section-full_width elementor-section-height-default elementor-section-height-default\" data-id=\"6554278\" data-element_type=\"section\">\n\t\t\t\t\t\t<div class=\"elementor-container elementor-column-gap-default\">\n\t\t\t\t\t<div class=\"elementor-column elementor-col-100 elementor-top-column elementor-element elementor-element-9d79bf4\" data-id=\"9d79bf4\" data-element_type=\"column\">\n\t\t\t<div class=\"elementor-widget-wrap elementor-element-populated\">\n\t\t\t\t\t\t<section class=\"elementor-section elementor-inner-section elementor-element elementor-element-d419ba5 elementor-section-full_width elementor-section-height-default elementor-section-height-default\" data-id=\"d419ba5\" data-element_type=\"section\">\n\t\t\t\t\t\t<div class=\"elementor-container elementor-column-gap-default\">\n\t\t\t\t\t<div class=\"elementor-column elementor-col-100 elementor-inner-column elementor-element elementor-element-ab778fc\" data-id=\"ab778fc\" data-element_type=\"column\">\n\t\t\t<div class=\"elementor-widget-wrap elementor-element-populated\">\n\t\t\t\t\t\t<div class=\"elementor-element elementor-element-c804cb6 elementor-widget elementor-widget-ld_button\" data-id=\"c804cb6\" data-element_type=\"widget\" data-widget_type=\"ld_button.default\">\n\t\t\t\t<div class=\"elementor-widget-container\">\n\t\t\t\n\t\t\t<a\n\t\t\t\tclass=\"elementor-button btn btn-solid fresco btn-icon-shaped btn-has-label\"\t\t\t>\n\t\t\t\t\t\t\t\t\t<span data-text=\"LIVE REZULTATI\" class=\"btn-txt\">\n\t\t\t\t\t\tLIVE REZULTATI\t\t\t\t\t<\/span>\n\t\t\t\t\t\t\t\t\t\t\t<\/a>\n\t\t\t\t\t<\/div>\n\t\t\t\t<\/div>\n\t\t\t\t<div class=\"elementor-element elementor-element-84fa8ef elementor-hidden-desktop elementor-hidden-tablet elementor-widget elementor-widget-hub_fancy_heading\" data-id=\"84fa8ef\" data-element_type=\"widget\" data-widget_type=\"hub_fancy_heading.default\">\n\t\t\t\t<div class=\"elementor-widget-container\">\n\t\t\t\n\t\t<div id=\"ld-fancy-heading-69e601ce5bcd6\" class=\"ld-fancy-heading pos-rel\">\n\t\t\t<h2 class=\"ld-fh-element d-inline-block pos-rel  elementor-heading-title lqd-highlight-classic lqd-highlight-grow-left h2\"  > Zaokrenite mobilni ure\u0111aj za optimalni pregled.<\/h2>\t\t<\/div>\n\n\t\t\t\t<\/div>\n\t\t\t\t<\/div>\n\t\t\t\t\t<\/div>\n\t\t<\/div>\n\t\t\t\t\t<\/div>\n\t\t<\/section>\n\t\t\t\t<div class=\"elementor-element elementor-element-7dbf4c0 elementor-widget elementor-widget-ld_table\" data-id=\"7dbf4c0\" data-element_type=\"widget\" data-widget_type=\"ld_table.default\">\n\t\t\t\t<div class=\"elementor-widget-container\">\n\t\t\t<table><thead><tr><th class=\"elementor-repeater-item-0fd4dfe\">Brzinski ispit (BI)<\/th><th class=\"elementor-repeater-item-99d4a9d\">Naziv BI<\/th><th class=\"elementor-repeater-item-511a198\">Du\u017eina BI<\/th><th class=\"elementor-repeater-item-556875e\">Po\u010detak<\/th><th class=\"elementor-repeater-item-6b4c7f1\">Status<\/th><th class=\"elementor-repeater-item-ccb0070\">Dokumenti<\/th><\/thead><\/tr><tr><td class=\"elementor-repeater-item-c1b7fa1\">SD<\/td><td class=\"elementor-repeater-item-5035dec\">Skahedown<\/td><td class=\"elementor-repeater-item-fcbd35d\">3,51 km<\/td><td class=\"elementor-repeater-item-3ac1162\">4.5.2024. | 08:00<\/td><td class=\"elementor-repeater-item-529de12\">ZAVR\u0160IO<\/td><td class=\"elementor-repeater-item-03f851c\"><a href=\"https:\/\/akdelta.hr\/medjimurskirally\/wp-content\/uploads\/2024\/05\/SHAKEDOWN.pdf\">Rezultati<\/a><\/td><\/tr><tr><td class=\"elementor-repeater-item-4a4dfda\">BI1<\/td><td class=\"elementor-repeater-item-52804ff\">\u010cakovec 1<\/td><td class=\"elementor-repeater-item-c7c3972\">2,76 km<\/td><td class=\"elementor-repeater-item-6852d2a\">4.5.2024. | 17:39<\/td><td class=\"elementor-repeater-item-3abda57\">ZAVR\u0160IO<\/td><td class=\"elementor-repeater-item-888fe90\"><a href=\"https:\/\/akdelta.hr\/medjimurskirally\/wp-content\/uploads\/2024\/05\/SS1a.pdf\">Rezultati<\/a><\/td><\/tr><tr><td class=\"elementor-repeater-item-8723737\">BI2<\/td><td class=\"elementor-repeater-item-67f35cf\">\u010cakovec 2<\/td><td class=\"elementor-repeater-item-5cedc75\">2,76 km<\/td><td class=\"elementor-repeater-item-424af10\">4.5.2024. | 18:57<\/td><td class=\"elementor-repeater-item-b5237a0\">ZAVR\u0160IO<\/td><td class=\"elementor-repeater-item-71ee041\"><a href=\"https:\/\/akdelta.hr\/medjimurskirally\/wp-content\/uploads\/2024\/05\/SS2a.pdf\">Rezultati<\/a><\/td><\/tr><tr><td class=\"elementor-repeater-item-c48a4a4\">BI3<\/td><td class=\"elementor-repeater-item-be4bc8a\">Gornji Koncov\u010dak-Preklopa 1<\/td><td class=\"elementor-repeater-item-5c415b5\">9,81 km<\/td><td class=\"elementor-repeater-item-b764118\">5.5.2024. | 08:29<\/td><td class=\"elementor-repeater-item-43cb22a\">ZAVR\u0160IO<\/td><td class=\"elementor-repeater-item-3548130\"><a href=\"https:\/\/akdelta.hr\/medjimurskirally\/wp-content\/uploads\/2024\/05\/ss3.pdf\">Rezultati<\/a><\/td><\/tr><tr><td class=\"elementor-repeater-item-2482a56\">BI4<\/td><td class=\"elementor-repeater-item-94a1f29\">Gornja Dubrava-Prhovec 1<\/td><td class=\"elementor-repeater-item-05677f8\">11,72km<\/td><td class=\"elementor-repeater-item-dbb2f33\">5.5.2024. | 08:57<\/td><td class=\"elementor-repeater-item-183a153\">ZAVR\u0160IO<\/td><td class=\"elementor-repeater-item-586ab48\"><a href=\"https:\/\/akdelta.hr\/medjimurskirally\/wp-content\/uploads\/2024\/05\/ss4.pdf\">Rezultati<\/a><\/td><\/tr><tr><td class=\"elementor-repeater-item-dabb085\">BI5<\/td><td class=\"elementor-repeater-item-c65acea\">Dragoslevec Selo-Okrugli Vrh 1<\/td><td class=\"elementor-repeater-item-3515545\">8,79 km<\/td><td class=\"elementor-repeater-item-a5e74ab\">5.5.2024. | 09:30<\/td><td class=\"elementor-repeater-item-bf72a05\">ZAVR\u0160IO<\/td><td class=\"elementor-repeater-item-41e6338\"><a href=\"https:\/\/akdelta.hr\/medjimurskirally\/wp-content\/uploads\/2024\/05\/ss5.pdf\">Rezultati<\/a><\/td><\/tr><tr><td class=\"elementor-repeater-item-d41ec5a\">BI6<\/td><td class=\"elementor-repeater-item-55f2f45\">Gornji Koncov\u010dak-Preklopa 2<\/td><td class=\"elementor-repeater-item-55a798b\">9,81 km<\/td><td class=\"elementor-repeater-item-2e6d6f9\">5.5.2024. | 11:28<\/td><td class=\"elementor-repeater-item-21e40c6\">ZAVR\u0160IO<\/td><td class=\"elementor-repeater-item-c64e14c\"><a href=\"https:\/\/akdelta.hr\/medjimurskirally\/wp-content\/uploads\/2024\/05\/ss6.pdf\">Rezultati<\/a><\/td><\/tr><tr><td class=\"elementor-repeater-item-56bb8ff\">BI7<\/td><td class=\"elementor-repeater-item-4f09ff7\">Gornja Dubrava-Prhovec 2<\/td><td class=\"elementor-repeater-item-e620600\">11,72 km<\/td><td class=\"elementor-repeater-item-1729e4a\">5.5.2024. | 11:56<\/td><td class=\"elementor-repeater-item-f41cb1f\">ZAVR\u0160IO<\/td><td class=\"elementor-repeater-item-b3daf88\"><a href=\"https:\/\/akdelta.hr\/medjimurskirally\/wp-content\/uploads\/2024\/05\/ss7.pdf\">Rezultati<\/a><\/td><\/tr><tr><td class=\"elementor-repeater-item-416f0cf\">BI8<\/td><td class=\"elementor-repeater-item-4ab3849\">Dragoslevec Selo-Okrugli Vrh 2<\/td><td class=\"elementor-repeater-item-061e7e1\">8,79 km<\/td><td class=\"elementor-repeater-item-71f6d27\">5.5.2024. | 12:29<\/td><td class=\"elementor-repeater-item-60b0642\">ZAVR\u0160IO<\/td><td class=\"elementor-repeater-item-4be3b4b\"><a href=\"https:\/\/akdelta.hr\/medjimurskirally\/wp-content\/uploads\/2024\/05\/ss8.pdf\">Rezultati<\/a><\/td><\/tr><tr><td class=\"elementor-repeater-item-11a1427\">BI9<\/td><td class=\"elementor-repeater-item-c9957ea\">Gornji Koncov\u010dak-Preklopa 3<\/td><td class=\"elementor-repeater-item-57e6557\">9,81 km<\/td><td class=\"elementor-repeater-item-243f411\">5.5.2024. | 14:47<\/td><td class=\"elementor-repeater-item-bd03c7c\">ZAVR\u0160IO<\/td><td class=\"elementor-repeater-item-9eac4f1\"><a href=\"https:\/\/akdelta.hr\/medjimurskirally\/wp-content\/uploads\/2024\/05\/ss9.pdf\">Rezultati<\/a><\/td><\/tr><tr><td class=\"elementor-repeater-item-53bc910\">BI10<\/td><td class=\"elementor-repeater-item-da5decb\">Gornja Dubrava-Prhovec 3<\/td><td class=\"elementor-repeater-item-0b4a848\">11,72km<\/td><td class=\"elementor-repeater-item-8f55471\">5.5.2024. | 15:15<\/td><td class=\"elementor-repeater-item-c078474\">ZAVR\u0160IO<\/td><td class=\"elementor-repeater-item-4f2b780\"><a href=\"https:\/\/akdelta.hr\/medjimurskirally\/wp-content\/uploads\/2024\/05\/ss10.pdf\">Rezultati<\/a><\/td><\/tr><tr><td class=\"elementor-repeater-item-7277a70\">BI11<\/td><td class=\"elementor-repeater-item-c496822\">Dragoslevec Selo-Okrugli Vrh 3<\/td><td class=\"elementor-repeater-item-349b910\">8,79 km<\/td><td class=\"elementor-repeater-item-e6632cc\">5.5.2024. | 15:48<\/td><td class=\"elementor-repeater-item-50616ba\">ZAVR\u0160IO<\/td><td class=\"elementor-repeater-item-d12500b\"><a href=\"https:\/\/akdelta.hr\/medjimurskirally\/wp-content\/uploads\/2024\/05\/ss11.pdf\">Rezultati<\/a><\/td><\/tr><\/table>\t\t<\/div>\n\t\t\t\t<\/div>\n\t\t<div class=\"elementor-element elementor-element-9e27dd4 e-flex e-con-boxed e-con e-child\" data-id=\"9e27dd4\" data-element_type=\"container\">\n\t\t\t\t\t<div class=\"e-con-inner\">\n\t\t\t\t<div class=\"elementor-element elementor-element-006570d elementor-widget elementor-widget-ld_button\" data-id=\"006570d\" data-element_type=\"widget\" data-widget_type=\"ld_button.default\">\n\t\t\t\t<div class=\"elementor-widget-container\">\n\t\t\t\n\t\t\t<a\n\t\t\t\thref=\"https:\/\/akdelta.hr\/medjimurskirally\/wp-content\/uploads\/2024\/05\/GEN-priv.pdf\"class=\"elementor-button btn btn-solid btn-block btn-icon-shaped btn-has-label\"\t\t\t>\n\t\t\t\t\t\t\t\t\t<span data-text=\"PRIVREMENI REZULTATI\" class=\"btn-txt\">\n\t\t\t\t\t\tPRIVREMENI REZULTATI\t\t\t\t\t<\/span>\n\t\t\t\t\t\t\t\t\t\t\t<\/a>\n\t\t\t\t\t<\/div>\n\t\t\t\t<\/div>\n\t\t\t\t<div class=\"elementor-element elementor-element-d3d9a6d elementor-widget elementor-widget-ld_button\" data-id=\"d3d9a6d\" data-element_type=\"widget\" data-widget_type=\"ld_button.default\">\n\t\t\t\t<div class=\"elementor-widget-container\">\n\t\t\t\n\t\t\t<a\n\t\t\t\thref=\"https:\/\/akdelta.hr\/medjimurskirally\/wp-content\/uploads\/2024\/05\/konacni_rez.pdf\"class=\"elementor-button btn btn-solid btn-block btn-icon-shaped btn-has-label\"\t\t\t>\n\t\t\t\t\t\t\t\t\t<span data-text=\"KONA\u010cNI REZULTATI\" class=\"btn-txt\">\n\t\t\t\t\t\tKONA\u010cNI REZULTATI\t\t\t\t\t<\/span>\n\t\t\t\t\t\t\t\t\t\t\t<\/a>\n\t\t\t\t\t<\/div>\n\t\t\t\t<\/div>\n\t\t\t\t\t<\/div>\n\t\t\t\t<\/div>\n\t\t\t\t\t<\/div>\n\t\t<\/div>\n\t\t\t\t\t<\/div>\n\t\t<\/section>\n\t\t\t\t<\/div>\n\t\t","protected":false},"excerpt":{"rendered":"<p>REZULTATI LIVE REZULTATI Zaokrenite mobilni ure\u0111aj za optimalni pregled. Brzinski ispit (BI) Naziv BI Du\u017eina BI Po\u010detak Status Dokumenti SD Skahedown 3,51 km 4.5.2024. | 08:00 ZAVR\u0160IO Rezultati BI1 \u010cakovec 1 2,76 km 4.5.2024. | 17:39 ZAVR\u0160IO Rezultati BI2 \u010cakovec 2 2,76 km 4.5.2024. | 18:57 ZAVR\u0160IO Rezultati BI3 Gornji Koncov\u010dak-Preklopa 1 9,81 km 5.5.2024. [&hellip;]<\/p>\n","protected":false},"author":1,"featured_media":0,"parent":0,"menu_order":2,"comment_status":"closed","ping_status":"closed","template":"","meta":{"footnotes":""},"class_list":["post-6810","page","type-page","status-publish","hentry"],"_links":{"self":[{"href":"https:\/\/akdelta.hr\/medjimurskirally\/wp-json\/wp\/v2\/pages\/6810","targetHints":{"allow":["GET"]}}],"collection":[{"href":"https:\/\/akdelta.hr\/medjimurskirally\/wp-json\/wp\/v2\/pages"}],"about":[{"href":"https:\/\/akdelta.hr\/medjimurskirally\/wp-json\/wp\/v2\/types\/page"}],"author":[{"embeddable":true,"href":"https:\/\/akdelta.hr\/medjimurskirally\/wp-json\/wp\/v2\/users\/1"}],"replies":[{"embeddable":true,"href":"https:\/\/akdelta.hr\/medjimurskirally\/wp-json\/wp\/v2\/comments?post=6810"}],"version-history":[{"count":176,"href":"https:\/\/akdelta.hr\/medjimurskirally\/wp-json\/wp\/v2\/pages\/6810\/revisions"}],"predecessor-version":[{"id":7495,"href":"https:\/\/akdelta.hr\/medjimurskirally\/wp-json\/wp\/v2\/pages\/6810\/revisions\/7495"}],"wp:attachment":[{"href":"https:\/\/akdelta.hr\/medjimurskirally\/wp-json\/wp\/v2\/media?parent=6810"}],"curies":[{"name":"wp","href":"https:\/\/api.w.org\/{rel}","templated":true}]}}